{"id":70,"date":"2020-02-27T17:04:08","date_gmt":"2020-02-27T16:04:08","guid":{"rendered":"http:\/\/chateai.cluster024.hosting.ovh.net\/?page_id=70"},"modified":"2021-07-15T12:01:35","modified_gmt":"2021-07-15T10:01:35","slug":"concerts","status":"publish","type":"page","link":"https:\/\/www.chateaudeboussac.com\/?page_id=70","title":{"rendered":"Dame \u00e0 la Licorne"},"content":{"rendered":"\n<figure class=\"wp-block-image size-large\"><img loading=\"lazy\" width=\"716\" height=\"562\" src=\"https:\/\/www.chateaudeboussac.com\/wp-content\/uploads\/2020\/10\/s900-fef574-1.jpg\" alt=\"\" class=\"wp-image-292\" srcset=\"https:\/\/www.chateaudeboussac.com\/wp-content\/uploads\/2020\/10\/s900-fef574-1.jpg 716w, https:\/\/www.chateaudeboussac.com\/wp-content\/uploads\/2020\/10\/s900-fef574-1-300x235.jpg 300w\" sizes=\"(max-width: 716px) 100vw, 716px\" \/><\/figure>\n\n\n\n<h4 class=\"has-text-color\" style=\"color:#82da75\"><span class=\"has-inline-color has-vivid-red-color\">Le Ch\u00e2teau de la Dame \u00e0 la Licorne<\/span><\/h4>\n\n\n\n<p>Les s\u00e9jours de George Sand \u00e0 Boussac vont lui permettre non seulement d\u2019y \u00e9crire son premier roman champ\u00eatre <em>Jeanne<\/em> mais aussi d\u2019y d\u00e9couvrir les fameuses tapisseries de la Dame \u00e0 la Licorne qu\u2019elle d\u00e9crit dans le roman <em>\u00ab La plus belle d\u00e9coration de ce salon \u00e9tait sans contredit ces curieuses tapisseries \u00e9nigmatiques que l\u2019on voit encore aujourd\u2019hui dans le ch\u00e2teau de Boussac, et que l\u2019on suppose avoir \u00e9t\u00e9 apport\u00e9es d\u2019Orient par Zizime et avoir d\u00e9cor\u00e9 la tour de Bourganeuf durant sa longue captivit\u00e9. Je les crois d\u2019Aubusson, et j\u2019ai toute une histoire l\u00e0-dessus qui trouvera sa place ailleurs. Il est \u00e0 peu pr\u00e8s certain qu\u2019elles ont charm\u00e9 les ennuis de l\u2019illustre infid\u00e8le dans sa prison, et qu\u2019elles sont revenues \u00e0 celui qui les avait fait faire ad hoc, Pierre d\u2019Aubusson, seigneur de Boussac, grand-ma\u00eetre de Rhodes. Les costumes sont de la fin du XVe si\u00e8cle. Ces tableaux ouvrag\u00e9s sont des chefs-d\u2019\u0153uvre, et, si je ne me trompe, une page historique fort curieuse. \u00bb<\/em><br>Un ami de George Sand, l\u2019\u00e9crivain Prosper M\u00e9rim\u00e9e, qui est aussi inspecteur g\u00e9n\u00e9ral des Monuments Historiques depuis 1833, va venir \u00e0 Boussac en 1841\u2008sur ses conseils pour y voir les tapisseries.\u2008Il y en a alors six mais il semble qu\u2019il y en ait eu d\u2019autres qui ont \u00e9t\u00e9 d\u00e9coup\u00e9es et utilis\u00e9es comme couvertures.\u2008Comme George Sand, il notera leur int\u00e9r\u00eat majeur et proposera m\u00eame de les acqu\u00e9rir. La Commune refusera.\u2008Plus tard, quand le ch\u00e2teau appartiendra \u00e0 la Ville, c\u2019est elle, qui les c\u00e9dera au Mus\u00e9e de Cluny en 1882 pour la somme de vingt cinq mille francs-or.\u2008Cette somme, tout compte fait assez d\u00e9risoire, servira \u00e0 repaver le champ de foire de Boussac.<\/p>\n\n\n\n<p><\/p>\n","protected":false},"excerpt":{"rendered":"<p>Le Ch\u00e2teau de la Dame \u00e0 la Licorne Les s\u00e9jours de George Sand \u00e0 Boussac vont lui permettre non seulement d\u2019y \u00e9crire son premier roman champ\u00eatre Jeanne mais aussi d\u2019y d\u00e9couvrir les fameuses tapisseries de la Dame \u00e0 la Licorne qu\u2019elle d\u00e9crit dans le roman \u00ab La plus belle d\u00e9coration de ce salon \u00e9tait sans&hellip; <\/p>\n","protected":false},"author":1,"featured_media":0,"parent":0,"menu_order":0,"comment_status":"closed","ping_status":"closed","template":"","meta":[],"yoast_head":"<!-- This site is optimized with the Yoast SEO plugin v20.1 - https:\/\/yoast.com\/wordpress\/plugins\/seo\/ -->\n<title>Dame \u00e0 la Licorne - Ch\u00e2teau de Boussac<\/title>\n<meta name=\"robots\" content=\"index, follow, max-snippet:-1, max-image-preview:large, max-video-preview:-1\" \/>\n<link rel=\"canonical\" href=\"https:\/\/www.chateaudeboussac.com\/?page_id=70\" \/>\n<meta property=\"og:locale\" content=\"fr_FR\" \/>\n<meta property=\"og:type\" content=\"article\" \/>\n<meta property=\"og:title\" content=\"Dame \u00e0 la Licorne - Ch\u00e2teau de Boussac\" \/>\n<meta property=\"og:description\" content=\"Le Ch\u00e2teau de la Dame \u00e0 la Licorne Les s\u00e9jours de George Sand \u00e0 Boussac vont lui permettre non seulement d\u2019y \u00e9crire son premier roman champ\u00eatre Jeanne mais aussi d\u2019y d\u00e9couvrir les fameuses tapisseries de la Dame \u00e0 la Licorne qu\u2019elle d\u00e9crit dans le roman \u00ab La plus belle d\u00e9coration de ce salon \u00e9tait sans&hellip;\" \/>\n<meta property=\"og:url\" content=\"https:\/\/www.chateaudeboussac.com\/?page_id=70\" \/>\n<meta property=\"og:site_name\" content=\"Ch\u00e2teau de Boussac\" \/>\n<meta property=\"article:modified_time\" content=\"2021-07-15T10:01:35+00:00\" \/>\n<meta property=\"og:image\" content=\"https:\/\/www.chateaudeboussac.com\/wp-content\/uploads\/2020\/10\/s900-fef574-1.jpg\" \/>\n<meta name=\"twitter:card\" content=\"summary_large_image\" \/>\n<meta name=\"twitter:label1\" content=\"Dur\u00e9e de lecture estim\u00e9e\" \/>\n\t<meta name=\"twitter:data1\" content=\"2 minutes\" \/>\n<script type=\"application\/ld+json\" class=\"yoast-schema-graph\">{\"@context\":\"https:\/\/schema.org\",\"@graph\":[{\"@type\":\"WebPage\",\"@id\":\"https:\/\/www.chateaudeboussac.com\/?page_id=70\",\"url\":\"https:\/\/www.chateaudeboussac.com\/?page_id=70\",\"name\":\"Dame \u00e0 la Licorne - Ch\u00e2teau de Boussac\",\"isPartOf\":{\"@id\":\"https:\/\/www.chateaudeboussac.com\/#website\"},\"datePublished\":\"2020-02-27T16:04:08+00:00\",\"dateModified\":\"2021-07-15T10:01:35+00:00\",\"breadcrumb\":{\"@id\":\"https:\/\/www.chateaudeboussac.com\/?page_id=70#breadcrumb\"},\"inLanguage\":\"fr-FR\",\"potentialAction\":[{\"@type\":\"ReadAction\",\"target\":[\"https:\/\/www.chateaudeboussac.com\/?page_id=70\"]}]},{\"@type\":\"BreadcrumbList\",\"@id\":\"https:\/\/www.chateaudeboussac.com\/?page_id=70#breadcrumb\",\"itemListElement\":[{\"@type\":\"ListItem\",\"position\":1,\"name\":\"Accueil\",\"item\":\"https:\/\/www.chateaudeboussac.com\/\"},{\"@type\":\"ListItem\",\"position\":2,\"name\":\"Dame \u00e0 la Licorne\"}]},{\"@type\":\"WebSite\",\"@id\":\"https:\/\/www.chateaudeboussac.com\/#website\",\"url\":\"https:\/\/www.chateaudeboussac.com\/\",\"name\":\"Ch\u00e2teau de Boussac\",\"description\":\"Le Ch\u00e2teau de la Dame \u00e0 la Licorne\",\"potentialAction\":[{\"@type\":\"SearchAction\",\"target\":{\"@type\":\"EntryPoint\",\"urlTemplate\":\"https:\/\/www.chateaudeboussac.com\/?s={search_term_string}\"},\"query-input\":\"required name=search_term_string\"}],\"inLanguage\":\"fr-FR\"}]}<\/script>\n<!-- \/ Yoast SEO plugin. -->","yoast_head_json":{"title":"Dame \u00e0 la Licorne - Ch\u00e2teau de Boussac","robots":{"index":"index","follow":"follow","max-snippet":"max-snippet:-1","max-image-preview":"max-image-preview:large","max-video-preview":"max-video-preview:-1"},"canonical":"https:\/\/www.chateaudeboussac.com\/?page_id=70","og_locale":"fr_FR","og_type":"article","og_title":"Dame \u00e0 la Licorne - Ch\u00e2teau de Boussac","og_description":"Le Ch\u00e2teau de la Dame \u00e0 la Licorne Les s\u00e9jours de George Sand \u00e0 Boussac vont lui permettre non seulement d\u2019y \u00e9crire son premier roman champ\u00eatre Jeanne mais aussi d\u2019y d\u00e9couvrir les fameuses tapisseries de la Dame \u00e0 la Licorne qu\u2019elle d\u00e9crit dans le roman \u00ab La plus belle d\u00e9coration de ce salon \u00e9tait sans&hellip;","og_url":"https:\/\/www.chateaudeboussac.com\/?page_id=70","og_site_name":"Ch\u00e2teau de Boussac","article_modified_time":"2021-07-15T10:01:35+00:00","og_image":[{"url":"https:\/\/www.chateaudeboussac.com\/wp-content\/uploads\/2020\/10\/s900-fef574-1.jpg"}],"twitter_card":"summary_large_image","twitter_misc":{"Dur\u00e9e de lecture estim\u00e9e":"2 minutes"},"schema":{"@context":"https:\/\/schema.org","@graph":[{"@type":"WebPage","@id":"https:\/\/www.chateaudeboussac.com\/?page_id=70","url":"https:\/\/www.chateaudeboussac.com\/?page_id=70","name":"Dame \u00e0 la Licorne - Ch\u00e2teau de Boussac","isPartOf":{"@id":"https:\/\/www.chateaudeboussac.com\/#website"},"datePublished":"2020-02-27T16:04:08+00:00","dateModified":"2021-07-15T10:01:35+00:00","breadcrumb":{"@id":"https:\/\/www.chateaudeboussac.com\/?page_id=70#breadcrumb"},"inLanguage":"fr-FR","potentialAction":[{"@type":"ReadAction","target":["https:\/\/www.chateaudeboussac.com\/?page_id=70"]}]},{"@type":"BreadcrumbList","@id":"https:\/\/www.chateaudeboussac.com\/?page_id=70#breadcrumb","itemListElement":[{"@type":"ListItem","position":1,"name":"Accueil","item":"https:\/\/www.chateaudeboussac.com\/"},{"@type":"ListItem","position":2,"name":"Dame \u00e0 la Licorne"}]},{"@type":"WebSite","@id":"https:\/\/www.chateaudeboussac.com\/#website","url":"https:\/\/www.chateaudeboussac.com\/","name":"Ch\u00e2teau de Boussac","description":"Le Ch\u00e2teau de la Dame \u00e0 la Licorne","potentialAction":[{"@type":"SearchAction","target":{"@type":"EntryPoint","urlTemplate":"https:\/\/www.chateaudeboussac.com\/?s={search_term_string}"},"query-input":"required name=search_term_string"}],"inLanguage":"fr-FR"}]}},"_links":{"self":[{"href":"https:\/\/www.chateaudeboussac.com\/index.php?rest_route=\/wp\/v2\/pages\/70"}],"collection":[{"href":"https:\/\/www.chateaudeboussac.com\/index.php?rest_route=\/wp\/v2\/pages"}],"about":[{"href":"https:\/\/www.chateaudeboussac.com\/index.php?rest_route=\/wp\/v2\/types\/page"}],"author":[{"embeddable":true,"href":"https:\/\/www.chateaudeboussac.com\/index.php?rest_route=\/wp\/v2\/users\/1"}],"replies":[{"embeddable":true,"href":"https:\/\/www.chateaudeboussac.com\/index.php?rest_route=%2Fwp%2Fv2%2Fcomments&post=70"}],"version-history":[{"count":11,"href":"https:\/\/www.chateaudeboussac.com\/index.php?rest_route=\/wp\/v2\/pages\/70\/revisions"}],"predecessor-version":[{"id":353,"href":"https:\/\/www.chateaudeboussac.com\/index.php?rest_route=\/wp\/v2\/pages\/70\/revisions\/353"}],"wp:attachment":[{"href":"https:\/\/www.chateaudeboussac.com\/index.php?rest_route=%2Fwp%2Fv2%2Fmedia&parent=70"}],"curies":[{"name":"wp","href":"https:\/\/api.w.org\/{rel}","templated":true}]}}