{"id":67,"date":"2020-02-27T17:03:46","date_gmt":"2020-02-27T16:03:46","guid":{"rendered":"http:\/\/chateai.cluster024.hosting.ovh.net\/?page_id=67"},"modified":"2025-05-08T10:22:17","modified_gmt":"2025-05-08T08:22:17","slug":"animations","status":"publish","type":"page","link":"https:\/\/www.chateaudeboussac.com\/?page_id=67","title":{"rendered":"Animations"},"content":{"rendered":"\n<p>Cette ann\u00e9e le CHATEAU DE BOUSSAC accueille pour la premi\u00e8re fois une FETE MEDIEVALE <\/p>\n\n\n\n<p>Elle aura lieu les 26 et 27 juillet 2025 dans l&rsquo;enceinte du Ch\u00e2teau et au Jardin Public <\/p>\n\n\n<div class=\"wp-block-image\">\n<figure class=\"aligncenter size-large is-resized\"><img loading=\"lazy\" src=\"https:\/\/www.chateaudeboussac.com\/wp-content\/uploads\/2025\/05\/Capture-decran-2025-05-08-a-09.51.30-727x1024.png\" alt=\"\" class=\"wp-image-427\" width=\"347\" height=\"489\" srcset=\"https:\/\/www.chateaudeboussac.com\/wp-content\/uploads\/2025\/05\/Capture-decran-2025-05-08-a-09.51.30-727x1024.png 727w, https:\/\/www.chateaudeboussac.com\/wp-content\/uploads\/2025\/05\/Capture-decran-2025-05-08-a-09.51.30-213x300.png 213w, https:\/\/www.chateaudeboussac.com\/wp-content\/uploads\/2025\/05\/Capture-decran-2025-05-08-a-09.51.30-768x1082.png 768w, https:\/\/www.chateaudeboussac.com\/wp-content\/uploads\/2025\/05\/Capture-decran-2025-05-08-a-09.51.30.png 1004w\" sizes=\"(max-width: 347px) 100vw, 347px\" \/><\/figure><\/div>\n\n\n<p>Pour tout renseignement : <a href=\"mailto:festiboussacmedieval@gmail.com\">festiboussacmedieval@gmail.com<\/a> ou <a href=\"chateaudeboussac@orange.fr\">chateaudeboussac@orange.fr <\/a><\/p>\n\n\n\n<p><\/p>\n\n\n\n<p>Pour compl\u00e9ter cette premi\u00e8re f\u00eate m\u00e9di\u00e9vale, une exposition temporaire CHEVALIERS est organis\u00e9e dans l&rsquo;Orangerie. Elle sera en acc\u00e8s seule ou avec la visite du Ch\u00e2teau. <\/p>\n\n\n<div class=\"wp-block-image\">\n<figure class=\"aligncenter size-large is-resized\"><img loading=\"lazy\" src=\"https:\/\/www.chateaudeboussac.com\/wp-content\/uploads\/2025\/05\/AFFICHE-CHEVALIERS-724x1024.jpg\" alt=\"\" class=\"wp-image-429\" width=\"358\" height=\"507\" srcset=\"https:\/\/www.chateaudeboussac.com\/wp-content\/uploads\/2025\/05\/AFFICHE-CHEVALIERS-724x1024.jpg 724w, https:\/\/www.chateaudeboussac.com\/wp-content\/uploads\/2025\/05\/AFFICHE-CHEVALIERS-212x300.jpg 212w, https:\/\/www.chateaudeboussac.com\/wp-content\/uploads\/2025\/05\/AFFICHE-CHEVALIERS-768x1086.jpg 768w, https:\/\/www.chateaudeboussac.com\/wp-content\/uploads\/2025\/05\/AFFICHE-CHEVALIERS.jpg 835w\" sizes=\"(max-width: 358px) 100vw, 358px\" \/><\/figure><\/div>\n\n\n<p>Par ailleurs, la visite guid\u00e9e traditionnelle des salles historiques du ch\u00e2teau est anim\u00e9e pendant les mois d&rsquo;\u00e9t\u00e9 d&rsquo;expositions de Tapisseries d&rsquo;Aubusson contemporaines. <\/p>\n\n\n\n<p>Un concert est aussi pr\u00e9vu le 3 Ao\u00fbt 2025 dans l&rsquo;orangerie<\/p>\n\n\n\n<p><\/p>\n\n\n<div class=\"wp-block-image\">\n<figure class=\"aligncenter size-large is-resized\"><img loading=\"lazy\" src=\"https:\/\/www.chateaudeboussac.com\/wp-content\/uploads\/2021\/07\/Capture-decran-2021-07-15-a-18.14.35.png\" alt=\"\" class=\"wp-image-358\" width=\"342\" height=\"386\" srcset=\"https:\/\/www.chateaudeboussac.com\/wp-content\/uploads\/2021\/07\/Capture-decran-2021-07-15-a-18.14.35.png 511w, https:\/\/www.chateaudeboussac.com\/wp-content\/uploads\/2021\/07\/Capture-decran-2021-07-15-a-18.14.35-266x300.png 266w\" sizes=\"(max-width: 342px) 100vw, 342px\" \/><\/figure><\/div>\n\n\n<p>Pour la premi\u00e8re fois cette \u00e9t\u00e9 aussi, il y aura la projection d&rsquo;un film en plein air le 13 Ao\u00fbt 2025 devant l&rsquo;Orangerie, le th\u00e8me sera aussi le M\u00e9di\u00e9val et les Chevaliers, choix en cours <\/p>\n\n\n\n<figure class=\"wp-container-2 wp-block-gallery-1 wp-block-gallery has-nested-images columns-default is-cropped\">\n<figure class=\"wp-block-image size-large\"><img loading=\"lazy\" width=\"600\" height=\"800\" data-id=\"433\"  src=\"https:\/\/www.chateaudeboussac.com\/wp-content\/uploads\/2025\/05\/achev.jpg\" alt=\"\" class=\"wp-image-433\" srcset=\"https:\/\/www.chateaudeboussac.com\/wp-content\/uploads\/2025\/05\/achev.jpg 600w, https:\/\/www.chateaudeboussac.com\/wp-content\/uploads\/2025\/05\/achev-225x300.jpg 225w\" sizes=\"(max-width: 600px) 100vw, 600px\" \/><\/figure>\n\n\n\n<figure class=\"wp-block-image size-large\"><img loading=\"lazy\" width=\"647\" height=\"1024\" data-id=\"435\"  src=\"https:\/\/www.chateaudeboussac.com\/wp-content\/uploads\/2025\/05\/Capture-decran-2025-05-08-a-10.09.27-647x1024.png\" alt=\"\" class=\"wp-image-435\" srcset=\"https:\/\/www.chateaudeboussac.com\/wp-content\/uploads\/2025\/05\/Capture-decran-2025-05-08-a-10.09.27-647x1024.png 647w, https:\/\/www.chateaudeboussac.com\/wp-content\/uploads\/2025\/05\/Capture-decran-2025-05-08-a-10.09.27-190x300.png 190w, https:\/\/www.chateaudeboussac.com\/wp-content\/uploads\/2025\/05\/Capture-decran-2025-05-08-a-10.09.27-768x1216.png 768w, https:\/\/www.chateaudeboussac.com\/wp-content\/uploads\/2025\/05\/Capture-decran-2025-05-08-a-10.09.27-970x1536.png 970w, https:\/\/www.chateaudeboussac.com\/wp-content\/uploads\/2025\/05\/Capture-decran-2025-05-08-a-10.09.27-1294x2048.png 1294w, https:\/\/www.chateaudeboussac.com\/wp-content\/uploads\/2025\/05\/Capture-decran-2025-05-08-a-10.09.27.png 1420w\" sizes=\"(max-width: 647px) 100vw, 647px\" \/><\/figure>\n\n\n\n<figure class=\"wp-block-image size-large\"><img loading=\"lazy\" width=\"732\" height=\"1000\" data-id=\"434\"  src=\"https:\/\/www.chateaudeboussac.com\/wp-content\/uploads\/2025\/05\/88069.jpg\" alt=\"\" class=\"wp-image-434\" srcset=\"https:\/\/www.chateaudeboussac.com\/wp-content\/uploads\/2025\/05\/88069.jpg 732w, https:\/\/www.chateaudeboussac.com\/wp-content\/uploads\/2025\/05\/88069-220x300.jpg 220w\" sizes=\"(max-width: 732px) 100vw, 732px\" \/><\/figure>\n<\/figure>\n\n\n\n<p>Et toujours pendant tout l&rsquo;\u00e9t\u00e9 les c\u00e9l\u00e8bres Bouquets du Ch\u00e2teau de Boussac qui d\u00e9corent le parcours de la visite. Les couleurs des fleurs sont assorties aux couleurs des pi\u00e8ces. Par exemple le pourpre, pour la chambre de l&rsquo;archev\u00eaque, le jaune, pour le salon jaune, le blanc, pour la salon gris etc&#8230;<\/p>\n\n\n\n<p><\/p>\n\n\n\n<figure class=\"wp-container-4 wp-block-gallery-3 wp-block-gallery has-nested-images columns-default is-cropped\">\n<figure class=\"wp-block-image size-large\"><img loading=\"lazy\" width=\"1024\" height=\"1024\" data-id=\"135\"  src=\"http:\/\/chateai.cluster024.hosting.ovh.net\/wp-content\/uploads\/2020\/02\/bouquet-boussac-1-1024x1024.jpg\" alt=\"\" class=\"wp-image-135\" srcset=\"https:\/\/www.chateaudeboussac.com\/wp-content\/uploads\/2020\/02\/bouquet-boussac-1-1024x1024.jpg 1024w, https:\/\/www.chateaudeboussac.com\/wp-content\/uploads\/2020\/02\/bouquet-boussac-1-300x300.jpg 300w, https:\/\/www.chateaudeboussac.com\/wp-content\/uploads\/2020\/02\/bouquet-boussac-1-150x150.jpg 150w, https:\/\/www.chateaudeboussac.com\/wp-content\/uploads\/2020\/02\/bouquet-boussac-1-768x768.jpg 768w, https:\/\/www.chateaudeboussac.com\/wp-content\/uploads\/2020\/02\/bouquet-boussac-1.jpg 1440w\" sizes=\"(max-width: 1024px) 100vw, 1024px\" \/><\/figure>\n\n\n\n<figure class=\"wp-block-image size-large\"><img loading=\"lazy\" width=\"981\" height=\"1024\" data-id=\"136\"  src=\"http:\/\/chateai.cluster024.hosting.ovh.net\/wp-content\/uploads\/2020\/02\/bouquet-boussac-2-981x1024.png\" alt=\"\" class=\"wp-image-136\" srcset=\"https:\/\/www.chateaudeboussac.com\/wp-content\/uploads\/2020\/02\/bouquet-boussac-2-981x1024.png 981w, https:\/\/www.chateaudeboussac.com\/wp-content\/uploads\/2020\/02\/bouquet-boussac-2-287x300.png 287w, https:\/\/www.chateaudeboussac.com\/wp-content\/uploads\/2020\/02\/bouquet-boussac-2-768x802.png 768w, https:\/\/www.chateaudeboussac.com\/wp-content\/uploads\/2020\/02\/bouquet-boussac-2-1471x1536.png 1471w, https:\/\/www.chateaudeboussac.com\/wp-content\/uploads\/2020\/02\/bouquet-boussac-2-1961x2048.png 1961w, https:\/\/www.chateaudeboussac.com\/wp-content\/uploads\/2020\/02\/bouquet-boussac-2.png 1990w\" sizes=\"(max-width: 981px) 100vw, 981px\" \/><\/figure>\n\n\n\n<figure class=\"wp-block-image size-large\"><img loading=\"lazy\" width=\"958\" height=\"1024\" data-id=\"138\"  src=\"http:\/\/chateai.cluster024.hosting.ovh.net\/wp-content\/uploads\/2020\/02\/bouquet-boussac-4-958x1024.png\" alt=\"\" class=\"wp-image-138\" srcset=\"https:\/\/www.chateaudeboussac.com\/wp-content\/uploads\/2020\/02\/bouquet-boussac-4-958x1024.png 958w, https:\/\/www.chateaudeboussac.com\/wp-content\/uploads\/2020\/02\/bouquet-boussac-4-281x300.png 281w, https:\/\/www.chateaudeboussac.com\/wp-content\/uploads\/2020\/02\/bouquet-boussac-4-768x821.png 768w, https:\/\/www.chateaudeboussac.com\/wp-content\/uploads\/2020\/02\/bouquet-boussac-4-1437x1536.png 1437w, https:\/\/www.chateaudeboussac.com\/wp-content\/uploads\/2020\/02\/bouquet-boussac-4-1916x2048.png 1916w\" sizes=\"(max-width: 958px) 100vw, 958px\" \/><\/figure>\n<\/figure>\n\n\n\n<p> <\/p>\n\n\n\n<figure class=\"wp-container-6 wp-block-gallery-5 wp-block-gallery has-nested-images columns-default is-cropped\">\n<figure class=\"wp-block-image size-large\"><img loading=\"lazy\" width=\"1024\" height=\"719\" data-id=\"119\"  src=\"http:\/\/chateai.cluster024.hosting.ovh.net\/wp-content\/uploads\/2020\/02\/bouquets-1024x719.png\" alt=\"\" class=\"wp-image-119\" srcset=\"https:\/\/www.chateaudeboussac.com\/wp-content\/uploads\/2020\/02\/bouquets-1024x719.png 1024w, https:\/\/www.chateaudeboussac.com\/wp-content\/uploads\/2020\/02\/bouquets-300x211.png 300w, https:\/\/www.chateaudeboussac.com\/wp-content\/uploads\/2020\/02\/bouquets-768x539.png 768w, https:\/\/www.chateaudeboussac.com\/wp-content\/uploads\/2020\/02\/bouquets-1536x1079.png 1536w, https:\/\/www.chateaudeboussac.com\/wp-content\/uploads\/2020\/02\/bouquets.png 1552w\" sizes=\"(max-width: 1024px) 100vw, 1024px\" \/><\/figure>\n<\/figure>\n","protected":false},"excerpt":{"rendered":"<p>Cette ann\u00e9e le CHATEAU DE BOUSSAC accueille pour la premi\u00e8re fois une FETE MEDIEVALE Elle aura lieu les 26 et 27 juillet 2025 dans l&rsquo;enceinte du Ch\u00e2teau et au Jardin Public Pour tout renseignement : festiboussacmedieval@gmail.com ou chateaudeboussac@orange.fr Pour compl\u00e9ter cette premi\u00e8re f\u00eate m\u00e9di\u00e9vale, une exposition temporaire CHEVALIERS est organis\u00e9e dans l&rsquo;Orangerie. Elle sera en&hellip; <\/p>\n","protected":false},"author":1,"featured_media":0,"parent":0,"menu_order":0,"comment_status":"closed","ping_status":"closed","template":"","meta":[],"yoast_head":"<!-- This site is optimized with the Yoast SEO plugin v20.1 - https:\/\/yoast.com\/wordpress\/plugins\/seo\/ -->\n<title>Animations - Ch\u00e2teau de Boussac<\/title>\n<meta name=\"robots\" content=\"index, follow, max-snippet:-1, max-image-preview:large, max-video-preview:-1\" \/>\n<link rel=\"canonical\" href=\"https:\/\/www.chateaudeboussac.com\/?page_id=67\" \/>\n<meta property=\"og:locale\" content=\"fr_FR\" \/>\n<meta property=\"og:type\" content=\"article\" \/>\n<meta property=\"og:title\" content=\"Animations - Ch\u00e2teau de Boussac\" \/>\n<meta property=\"og:description\" content=\"Cette ann\u00e9e le CHATEAU DE BOUSSAC accueille pour la premi\u00e8re fois une FETE MEDIEVALE Elle aura lieu les 26 et 27 juillet 2025 dans l&rsquo;enceinte du Ch\u00e2teau et au Jardin Public Pour tout renseignement : festiboussacmedieval@gmail.com ou chateaudeboussac@orange.fr Pour compl\u00e9ter cette premi\u00e8re f\u00eate m\u00e9di\u00e9vale, une exposition temporaire CHEVALIERS est organis\u00e9e dans l&rsquo;Orangerie. Elle sera en&hellip;\" \/>\n<meta property=\"og:url\" content=\"https:\/\/www.chateaudeboussac.com\/?page_id=67\" \/>\n<meta property=\"og:site_name\" content=\"Ch\u00e2teau de Boussac\" \/>\n<meta property=\"article:modified_time\" content=\"2025-05-08T08:22:17+00:00\" \/>\n<meta property=\"og:image\" content=\"https:\/\/www.chateaudeboussac.com\/wp-content\/uploads\/2025\/05\/Capture-decran-2025-05-08-a-09.51.30-727x1024.png\" \/>\n<meta name=\"twitter:card\" content=\"summary_large_image\" \/>\n<meta name=\"twitter:label1\" content=\"Dur\u00e9e de lecture estim\u00e9e\" \/>\n\t<meta name=\"twitter:data1\" content=\"3 minutes\" \/>\n<script type=\"application\/ld+json\" class=\"yoast-schema-graph\">{\"@context\":\"https:\/\/schema.org\",\"@graph\":[{\"@type\":\"WebPage\",\"@id\":\"https:\/\/www.chateaudeboussac.com\/?page_id=67\",\"url\":\"https:\/\/www.chateaudeboussac.com\/?page_id=67\",\"name\":\"Animations - Ch\u00e2teau de Boussac\",\"isPartOf\":{\"@id\":\"https:\/\/www.chateaudeboussac.com\/#website\"},\"datePublished\":\"2020-02-27T16:03:46+00:00\",\"dateModified\":\"2025-05-08T08:22:17+00:00\",\"breadcrumb\":{\"@id\":\"https:\/\/www.chateaudeboussac.com\/?page_id=67#breadcrumb\"},\"inLanguage\":\"fr-FR\",\"potentialAction\":[{\"@type\":\"ReadAction\",\"target\":[\"https:\/\/www.chateaudeboussac.com\/?page_id=67\"]}]},{\"@type\":\"BreadcrumbList\",\"@id\":\"https:\/\/www.chateaudeboussac.com\/?page_id=67#breadcrumb\",\"itemListElement\":[{\"@type\":\"ListItem\",\"position\":1,\"name\":\"Accueil\",\"item\":\"https:\/\/www.chateaudeboussac.com\/\"},{\"@type\":\"ListItem\",\"position\":2,\"name\":\"Animations\"}]},{\"@type\":\"WebSite\",\"@id\":\"https:\/\/www.chateaudeboussac.com\/#website\",\"url\":\"https:\/\/www.chateaudeboussac.com\/\",\"name\":\"Ch\u00e2teau de Boussac\",\"description\":\"Le Ch\u00e2teau de la Dame \u00e0 la Licorne\",\"potentialAction\":[{\"@type\":\"SearchAction\",\"target\":{\"@type\":\"EntryPoint\",\"urlTemplate\":\"https:\/\/www.chateaudeboussac.com\/?s={search_term_string}\"},\"query-input\":\"required name=search_term_string\"}],\"inLanguage\":\"fr-FR\"}]}<\/script>\n<!-- \/ Yoast SEO plugin. -->","yoast_head_json":{"title":"Animations - Ch\u00e2teau de Boussac","robots":{"index":"index","follow":"follow","max-snippet":"max-snippet:-1","max-image-preview":"max-image-preview:large","max-video-preview":"max-video-preview:-1"},"canonical":"https:\/\/www.chateaudeboussac.com\/?page_id=67","og_locale":"fr_FR","og_type":"article","og_title":"Animations - Ch\u00e2teau de Boussac","og_description":"Cette ann\u00e9e le CHATEAU DE BOUSSAC accueille pour la premi\u00e8re fois une FETE MEDIEVALE Elle aura lieu les 26 et 27 juillet 2025 dans l&rsquo;enceinte du Ch\u00e2teau et au Jardin Public Pour tout renseignement : festiboussacmedieval@gmail.com ou chateaudeboussac@orange.fr Pour compl\u00e9ter cette premi\u00e8re f\u00eate m\u00e9di\u00e9vale, une exposition temporaire CHEVALIERS est organis\u00e9e dans l&rsquo;Orangerie. Elle sera en&hellip;","og_url":"https:\/\/www.chateaudeboussac.com\/?page_id=67","og_site_name":"Ch\u00e2teau de Boussac","article_modified_time":"2025-05-08T08:22:17+00:00","og_image":[{"url":"https:\/\/www.chateaudeboussac.com\/wp-content\/uploads\/2025\/05\/Capture-decran-2025-05-08-a-09.51.30-727x1024.png"}],"twitter_card":"summary_large_image","twitter_misc":{"Dur\u00e9e de lecture estim\u00e9e":"3 minutes"},"schema":{"@context":"https:\/\/schema.org","@graph":[{"@type":"WebPage","@id":"https:\/\/www.chateaudeboussac.com\/?page_id=67","url":"https:\/\/www.chateaudeboussac.com\/?page_id=67","name":"Animations - Ch\u00e2teau de Boussac","isPartOf":{"@id":"https:\/\/www.chateaudeboussac.com\/#website"},"datePublished":"2020-02-27T16:03:46+00:00","dateModified":"2025-05-08T08:22:17+00:00","breadcrumb":{"@id":"https:\/\/www.chateaudeboussac.com\/?page_id=67#breadcrumb"},"inLanguage":"fr-FR","potentialAction":[{"@type":"ReadAction","target":["https:\/\/www.chateaudeboussac.com\/?page_id=67"]}]},{"@type":"BreadcrumbList","@id":"https:\/\/www.chateaudeboussac.com\/?page_id=67#breadcrumb","itemListElement":[{"@type":"ListItem","position":1,"name":"Accueil","item":"https:\/\/www.chateaudeboussac.com\/"},{"@type":"ListItem","position":2,"name":"Animations"}]},{"@type":"WebSite","@id":"https:\/\/www.chateaudeboussac.com\/#website","url":"https:\/\/www.chateaudeboussac.com\/","name":"Ch\u00e2teau de Boussac","description":"Le Ch\u00e2teau de la Dame \u00e0 la Licorne","potentialAction":[{"@type":"SearchAction","target":{"@type":"EntryPoint","urlTemplate":"https:\/\/www.chateaudeboussac.com\/?s={search_term_string}"},"query-input":"required name=search_term_string"}],"inLanguage":"fr-FR"}]}},"_links":{"self":[{"href":"https:\/\/www.chateaudeboussac.com\/index.php?rest_route=\/wp\/v2\/pages\/67"}],"collection":[{"href":"https:\/\/www.chateaudeboussac.com\/index.php?rest_route=\/wp\/v2\/pages"}],"about":[{"href":"https:\/\/www.chateaudeboussac.com\/index.php?rest_route=\/wp\/v2\/types\/page"}],"author":[{"embeddable":true,"href":"https:\/\/www.chateaudeboussac.com\/index.php?rest_route=\/wp\/v2\/users\/1"}],"replies":[{"embeddable":true,"href":"https:\/\/www.chateaudeboussac.com\/index.php?rest_route=%2Fwp%2Fv2%2Fcomments&post=67"}],"version-history":[{"count":21,"href":"https:\/\/www.chateaudeboussac.com\/index.php?rest_route=\/wp\/v2\/pages\/67\/revisions"}],"predecessor-version":[{"id":436,"href":"https:\/\/www.chateaudeboussac.com\/index.php?rest_route=\/wp\/v2\/pages\/67\/revisions\/436"}],"wp:attachment":[{"href":"https:\/\/www.chateaudeboussac.com\/index.php?rest_route=%2Fwp%2Fv2%2Fmedia&parent=67"}],"curies":[{"name":"wp","href":"https:\/\/api.w.org\/{rel}","templated":true}]}}