{"id":61,"date":"2020-02-27T17:02:40","date_gmt":"2020-02-27T16:02:40","guid":{"rendered":"http:\/\/chateai.cluster024.hosting.ovh.net\/?page_id=61"},"modified":"2020-03-01T12:16:24","modified_gmt":"2020-03-01T11:16:24","slug":"chateau","status":"publish","type":"page","link":"https:\/\/www.chateaudeboussac.com\/?page_id=61","title":{"rendered":"Ch\u00e2teau"},"content":{"rendered":"\n<p class=\"has-normal-font-size\">Construit, en Creuse, dans un site exceptionnel o\u00f9 les ouvrages militaires se sont succ\u00e9d\u00e9s depuis les Romains, le ch\u00e2teau actuel date en partie des XIIe, XIIIe et du d\u00e9but du XVe si\u00e8cle. C\u2019est <strong>le Mar\u00e9chal Jean 1er de Brosse<\/strong>, (1375-1433) <strong>compagnon de Jeanne d\u2019Arc<\/strong> (1412-1431) qui le reconstruisit vers 1400. On peut voir ses armoiries sur la porte principale. Apr\u00e8s Jean II (1423-1483), Jean III (1441-1502) et Ren\u00e9 (1470-1525) mort \u00e0 la bataille de Pavie, le Ch\u00e2teau est pass\u00e9 \u00e0 <strong>Jean IV de Brosse<\/strong>, (1505-1564) \u00e9poux d&rsquo;<strong>Anne de Pisseleu<\/strong>, (1508-1580) une favorite de <strong>Fran\u00e7ois Ier<\/strong> (1494-1547). Apr\u00e8s la mort de Jean qui n&rsquo;avait pas d&rsquo;enfant, le ch\u00e2teau passa \u00e0 sa s\u0153ur <strong>Charlotte<\/strong> (1506-1540) \u00e9pouse de <strong>Fran\u00e7ois II de Luxembourg<\/strong> (1492-1553). Ils eurent deux enfants, Charles et S\u00e9bastien. Au cours du mariage de <strong>Charles de Luxembourg <\/strong>(1527-1553) et de<strong> Claudine de Foix<\/strong> (1525-1549), le 14 janvier 1548, les balustrades ext\u00e9rieures se sont \u00e9croul\u00e9es sous le poids des spectateurs qui regardaient un carrousel dans la cour. Il y eut un <em>nombre consid\u00e9rable de victimes<\/em>. Le ch\u00e2teau passa alors <strong>S\u00e9bastien de Luxembourg<\/strong> (1530-1569), surnomm\u00e9 <em>Le Chevalier sans Peur<\/em>, mort au si\u00e8ge de Saint Jean d&rsquo;Ang\u00e9ly puis \u00e0 sa fille  <strong>Marie de Luxembourg<\/strong> (1562-1623), duchesse de Penthi\u00e8vre et Princesse de Martigues. Marie \u00e9pousa le beau-fr\u00e8re d&rsquo;Henri III (1551-1589), <strong>Philippe Emmanuel de Lorraine, comte de Vaud\u00e9mont, Duc de Merc\u0153ur<\/strong> (1558-1602), ils occup\u00e8rent le ch\u00e2teau puis Philippe-Emmanuel le vendit \u00e0 sa s\u0153ur <strong>Louise de\u00a0Vaud\u00e9mont<\/strong> (1553-1601) reine et veuve d\u2019Henri\u00a0III. A la mort de cette derni\u00e8re, il lui revint et il le laissa alors \u00e0 sa fille, <strong>Fran\u00e7oise de Lorraine<\/strong> (1592-1669) \u00e9pouse de <strong>C\u00e9sar de\u00a0Vend\u00f4me <\/strong>(1594-1665), fils l\u00e9gitim\u00e9 d\u2019<strong>Henri\u00a0IV<\/strong> (1553-1610) et de <strong>Gabrielle d&rsquo;Estr\u00e9es <\/strong>(1573-1599). En 1640, Fran\u00e7oise de Lorraine \u00e9change Boussac avec <strong>Henri-Auguste de Lom\u00e9nie<\/strong> (1595-1666) alors secr\u00e9taire d&rsquo;\u00e9tat, contre une terre de La Ville-aux-Clercs. C&rsquo;est en 1649 que <strong>Jean de Rilhac<\/strong>, seigneur de Saint-Paul, ach\u00e8te le ch\u00e2teau dans lequel sa famille se perp\u00e9tue jusqu&rsquo;\u00e0 ce que l&rsquo;un de ses membres n&rsquo;ait de descendance que f\u00e9minine. <strong>Fran\u00e7oise-Armande de Rilhac<\/strong> (1714-1785) \u00e9pouse en 1730, <strong>Jean-Baptiste de Carbonni\u00e8res<\/strong> (1715-1791). Le ch\u00e2teau passe \u00e0 leur fils, <strong>Charles-Henri <\/strong>(1735-1808). C&rsquo;est sa fille <strong>Pauline<\/strong> <strong> <\/strong>(1774-1841) qui le vend \u00e0 la ville en 1837. Il  devint alors si\u00e8ge de la Sous-Pr\u00e9fecture, la plus petite de France. <strong>George Sand<\/strong> (1804-1876) s\u00e9journa au Ch\u00e2teau de Boussac o\u00f9 elle a situ\u00e9, ainsi qu\u2019aux Pierres Jaum\u00e2tres et \u00e0 Toulx-Sainte-Croix, l\u2019action de <strong>Jeanne<\/strong> son premier roman champ\u00eatre. C\u2019est d\u2019ailleurs gr\u00e2ce \u00e0 elle et \u00e0 <strong>Prosper M\u00e9rim\u00e9e<\/strong> (1803-1870), qu\u2019y furent d\u00e9couvertes <strong>les c\u00e9l\u00e8bres Tapisseries de la Dame \u00e0 la Licorne,<\/strong> aujourd\u2019hui au Mus\u00e9e de Cluny \u00e0 Paris, faisant du Ch\u00e2teau de Boussac un haut lieu de l\u2019histoire de la Tapisserie. La Sous-Pr\u00e9fecture resta jusqu&rsquo;en 1926, puis le ch\u00e2teau devint une Gendarmerie jusqu&rsquo;en 1940. Ensuite, l\u2019abandon pendant vingt cinq ans. Rachet\u00e9 en\u00a01965, il a \u00e9t\u00e9 patiemment restaur\u00e9, remeubl\u00e9 et d\u00e9cor\u00e9 par ses actuels propri\u00e9taires. Le ch\u00e2teau a \u00e9t\u00e9 restaur\u00e9 par <strong>Lucien Blondeau <\/strong>(1929-2016) et son \u00e9pouse Bernadette. Aujourd\u2019hui habit\u00e9, il est ouvert au public de P\u00e2ques \u00e0 la Toussaint et chaque \u00e9t\u00e9 des expositions temporaires de Tapisseries Contemporaines y sont organis\u00e9es. Il y est pr\u00e9sent\u00e9 en permanence une collection de Tapisseries anciennes et des Tapisseries de Dom Robert.\u2008Le Ch\u00e2teau de Boussac est un jalon essentiel du tourisme en Creuse et un lieu de visite incontournable. On peut visiter une suite de salles de ces \u00e9poques avec leurs chemin\u00e9es monumentales et leurs dallages d\u2019origine. Au XVIIIe si\u00e8cle, le premier et le deuxi\u00e8me \u00e9tage furent am\u00e9nag\u00e9s au go\u00fbt du temps et l\u2019on peut y voir les salons rev\u00eatus de boiseries, orn\u00e9s de meubles d\u2019\u00e9poque et de tapisseries anciennes. <\/p>\n\n\n\n<p><\/p>\n","protected":false},"excerpt":{"rendered":"<p>Construit, en Creuse, dans un site exceptionnel o\u00f9 les ouvrages militaires se sont succ\u00e9d\u00e9s depuis les Romains, le ch\u00e2teau actuel date en partie des XIIe, XIIIe et du d\u00e9but du XVe si\u00e8cle. C\u2019est le Mar\u00e9chal Jean 1er de Brosse, (1375-1433) compagnon de Jeanne d\u2019Arc (1412-1431) qui le reconstruisit vers 1400. On peut voir ses armoiries&hellip; <\/p>\n","protected":false},"author":1,"featured_media":0,"parent":0,"menu_order":0,"comment_status":"closed","ping_status":"closed","template":"","meta":[],"yoast_head":"<!-- This site is optimized with the Yoast SEO plugin v20.1 - https:\/\/yoast.com\/wordpress\/plugins\/seo\/ -->\n<title>Ch\u00e2teau - Ch\u00e2teau de Boussac<\/title>\n<meta name=\"robots\" content=\"index, follow, max-snippet:-1, max-image-preview:large, max-video-preview:-1\" \/>\n<link rel=\"canonical\" href=\"https:\/\/www.chateaudeboussac.com\/?page_id=61\" \/>\n<meta property=\"og:locale\" content=\"fr_FR\" \/>\n<meta property=\"og:type\" content=\"article\" \/>\n<meta property=\"og:title\" content=\"Ch\u00e2teau - Ch\u00e2teau de Boussac\" \/>\n<meta property=\"og:description\" content=\"Construit, en Creuse, dans un site exceptionnel o\u00f9 les ouvrages militaires se sont succ\u00e9d\u00e9s depuis les Romains, le ch\u00e2teau actuel date en partie des XIIe, XIIIe et du d\u00e9but du XVe si\u00e8cle. C\u2019est le Mar\u00e9chal Jean 1er de Brosse, (1375-1433) compagnon de Jeanne d\u2019Arc (1412-1431) qui le reconstruisit vers 1400. On peut voir ses armoiries&hellip;\" \/>\n<meta property=\"og:url\" content=\"https:\/\/www.chateaudeboussac.com\/?page_id=61\" \/>\n<meta property=\"og:site_name\" content=\"Ch\u00e2teau de Boussac\" \/>\n<meta property=\"article:modified_time\" content=\"2020-03-01T11:16:24+00:00\" \/>\n<meta name=\"twitter:card\" content=\"summary_large_image\" \/>\n<meta name=\"twitter:label1\" content=\"Dur\u00e9e de lecture estim\u00e9e\" \/>\n\t<meta name=\"twitter:data1\" content=\"3 minutes\" \/>\n<script type=\"application\/ld+json\" class=\"yoast-schema-graph\">{\"@context\":\"https:\/\/schema.org\",\"@graph\":[{\"@type\":\"WebPage\",\"@id\":\"https:\/\/www.chateaudeboussac.com\/?page_id=61\",\"url\":\"https:\/\/www.chateaudeboussac.com\/?page_id=61\",\"name\":\"Ch\u00e2teau - Ch\u00e2teau de Boussac\",\"isPartOf\":{\"@id\":\"https:\/\/www.chateaudeboussac.com\/#website\"},\"datePublished\":\"2020-02-27T16:02:40+00:00\",\"dateModified\":\"2020-03-01T11:16:24+00:00\",\"breadcrumb\":{\"@id\":\"https:\/\/www.chateaudeboussac.com\/?page_id=61#breadcrumb\"},\"inLanguage\":\"fr-FR\",\"potentialAction\":[{\"@type\":\"ReadAction\",\"target\":[\"https:\/\/www.chateaudeboussac.com\/?page_id=61\"]}]},{\"@type\":\"BreadcrumbList\",\"@id\":\"https:\/\/www.chateaudeboussac.com\/?page_id=61#breadcrumb\",\"itemListElement\":[{\"@type\":\"ListItem\",\"position\":1,\"name\":\"Accueil\",\"item\":\"https:\/\/www.chateaudeboussac.com\/\"},{\"@type\":\"ListItem\",\"position\":2,\"name\":\"Ch\u00e2teau\"}]},{\"@type\":\"WebSite\",\"@id\":\"https:\/\/www.chateaudeboussac.com\/#website\",\"url\":\"https:\/\/www.chateaudeboussac.com\/\",\"name\":\"Ch\u00e2teau de Boussac\",\"description\":\"Le Ch\u00e2teau de la Dame \u00e0 la Licorne\",\"potentialAction\":[{\"@type\":\"SearchAction\",\"target\":{\"@type\":\"EntryPoint\",\"urlTemplate\":\"https:\/\/www.chateaudeboussac.com\/?s={search_term_string}\"},\"query-input\":\"required name=search_term_string\"}],\"inLanguage\":\"fr-FR\"}]}<\/script>\n<!-- \/ Yoast SEO plugin. -->","yoast_head_json":{"title":"Ch\u00e2teau - Ch\u00e2teau de Boussac","robots":{"index":"index","follow":"follow","max-snippet":"max-snippet:-1","max-image-preview":"max-image-preview:large","max-video-preview":"max-video-preview:-1"},"canonical":"https:\/\/www.chateaudeboussac.com\/?page_id=61","og_locale":"fr_FR","og_type":"article","og_title":"Ch\u00e2teau - Ch\u00e2teau de Boussac","og_description":"Construit, en Creuse, dans un site exceptionnel o\u00f9 les ouvrages militaires se sont succ\u00e9d\u00e9s depuis les Romains, le ch\u00e2teau actuel date en partie des XIIe, XIIIe et du d\u00e9but du XVe si\u00e8cle. C\u2019est le Mar\u00e9chal Jean 1er de Brosse, (1375-1433) compagnon de Jeanne d\u2019Arc (1412-1431) qui le reconstruisit vers 1400. On peut voir ses armoiries&hellip;","og_url":"https:\/\/www.chateaudeboussac.com\/?page_id=61","og_site_name":"Ch\u00e2teau de Boussac","article_modified_time":"2020-03-01T11:16:24+00:00","twitter_card":"summary_large_image","twitter_misc":{"Dur\u00e9e de lecture estim\u00e9e":"3 minutes"},"schema":{"@context":"https:\/\/schema.org","@graph":[{"@type":"WebPage","@id":"https:\/\/www.chateaudeboussac.com\/?page_id=61","url":"https:\/\/www.chateaudeboussac.com\/?page_id=61","name":"Ch\u00e2teau - Ch\u00e2teau de Boussac","isPartOf":{"@id":"https:\/\/www.chateaudeboussac.com\/#website"},"datePublished":"2020-02-27T16:02:40+00:00","dateModified":"2020-03-01T11:16:24+00:00","breadcrumb":{"@id":"https:\/\/www.chateaudeboussac.com\/?page_id=61#breadcrumb"},"inLanguage":"fr-FR","potentialAction":[{"@type":"ReadAction","target":["https:\/\/www.chateaudeboussac.com\/?page_id=61"]}]},{"@type":"BreadcrumbList","@id":"https:\/\/www.chateaudeboussac.com\/?page_id=61#breadcrumb","itemListElement":[{"@type":"ListItem","position":1,"name":"Accueil","item":"https:\/\/www.chateaudeboussac.com\/"},{"@type":"ListItem","position":2,"name":"Ch\u00e2teau"}]},{"@type":"WebSite","@id":"https:\/\/www.chateaudeboussac.com\/#website","url":"https:\/\/www.chateaudeboussac.com\/","name":"Ch\u00e2teau de Boussac","description":"Le Ch\u00e2teau de la Dame \u00e0 la Licorne","potentialAction":[{"@type":"SearchAction","target":{"@type":"EntryPoint","urlTemplate":"https:\/\/www.chateaudeboussac.com\/?s={search_term_string}"},"query-input":"required name=search_term_string"}],"inLanguage":"fr-FR"}]}},"_links":{"self":[{"href":"https:\/\/www.chateaudeboussac.com\/index.php?rest_route=\/wp\/v2\/pages\/61"}],"collection":[{"href":"https:\/\/www.chateaudeboussac.com\/index.php?rest_route=\/wp\/v2\/pages"}],"about":[{"href":"https:\/\/www.chateaudeboussac.com\/index.php?rest_route=\/wp\/v2\/types\/page"}],"author":[{"embeddable":true,"href":"https:\/\/www.chateaudeboussac.com\/index.php?rest_route=\/wp\/v2\/users\/1"}],"replies":[{"embeddable":true,"href":"https:\/\/www.chateaudeboussac.com\/index.php?rest_route=%2Fwp%2Fv2%2Fcomments&post=61"}],"version-history":[{"count":35,"href":"https:\/\/www.chateaudeboussac.com\/index.php?rest_route=\/wp\/v2\/pages\/61\/revisions"}],"predecessor-version":[{"id":274,"href":"https:\/\/www.chateaudeboussac.com\/index.php?rest_route=\/wp\/v2\/pages\/61\/revisions\/274"}],"wp:attachment":[{"href":"https:\/\/www.chateaudeboussac.com\/index.php?rest_route=%2Fwp%2Fv2%2Fmedia&parent=61"}],"curies":[{"name":"wp","href":"https:\/\/api.w.org\/{rel}","templated":true}]}}