{"id":170,"date":"2020-02-28T15:19:30","date_gmt":"2020-02-28T14:19:30","guid":{"rendered":"http:\/\/chateai.cluster024.hosting.ovh.net\/?page_id=170"},"modified":"2025-05-08T10:24:23","modified_gmt":"2025-05-08T08:24:23","slug":"soutenir","status":"publish","type":"page","link":"https:\/\/www.chateaudeboussac.com\/?page_id=170","title":{"rendered":"Soutenir"},"content":{"rendered":"\n<h4 class=\"has-vivid-green-cyan-color has-text-color\">Adh\u00e9rer aux Amis du Ch\u00e2teau de Boussac<\/h4>\n\n\n\n<p>L\u2019association Les Amis du Ch\u00e2teau de Boussac a pour buts :    <\/p>\n\n\n\n<p>\u2022 De grouper les personnes s\u2019int\u00e9ressant au ch\u00e2teau de Boussac, Monument historique class\u00e9, \u00e0 son histoire, \u00e0 sa mise en valeur, \u00e0 sa restauration, \u00e0 la sauvegarde de son environnement et \u00e0 sa promotion touristique en participant : &#8211; \u00e0 toutes actions publicitaires destin\u00e9es \u00e0 le faire conna\u00eetre &#8211; \u00e0 toutes manifestations organis\u00e9es dans le cadre du ch\u00e2teau pour aider \u00e0 sa promotion &#8211; en contribuant \u00e0 r\u00e9colter des fonds pour aider \u00e0 la restauration du ch\u00e2teau et de ses abords &#8230;  \u2022 De faire \u0153uvre \u2018\u2019d\u2019historien\u2019\u2019 en recherchant tous les documents ayant trait \u00e0 l\u2019histoire du Ch\u00e2teau de Boussac ;  L\u2019association mettra en \u0153uvre toute activit\u00e9, manifestation et publication lui permettant de r\u00e9aliser cet objet. Si vous adh\u00e9rez \u00e0 l&rsquo;Association, vous serez pr\u00e9venu et pourrez participer \u00e0 toutes les activit\u00e9s : Visites sp\u00e9ciales, Conf\u00e9rences, Concerts, Course du premier de l&rsquo;An, F\u00eates et Vernissages etc&#8230;<\/p>\n\n\n\n<p>Les virements bancaires peuvent se faire sur le num\u00e9ro de compte bancaire suivant :  IBAN FR76 1680 6076 0066 0714 6637 029,  BIC AGRIFRPP868, en mentionnant \u2018Adh\u00e9sion Amis Ch\u00e2teau de Boussac\u2019.<\/p>\n\n\n\n<div class=\"wp-block-file\"><a id=\"wp-block-file--media-84ac8cd2-9d4f-4b2f-8f96-aa97617624f7\" href=\"http:\/\/chateai.cluster024.hosting.ovh.net\/wp-content\/uploads\/2020\/02\/Adh\u00e9sion-Amis-du-Chateau-de-Boussac.pdf\">Adh\u00e9sion-Amis-du-Chateau-de-Boussac<\/a><a href=\"http:\/\/chateai.cluster024.hosting.ovh.net\/wp-content\/uploads\/2020\/02\/Adh\u00e9sion-Amis-du-Chateau-de-Boussac.pdf\" class=\"wp-block-file__button\" download aria-describedby=\"wp-block-file--media-84ac8cd2-9d4f-4b2f-8f96-aa97617624f7\">T\u00e9l\u00e9charger<\/a><\/div>\n\n\n\n<p>Contactez-nous : B\u00e9n\u00e9dicte, Pr\u00e9sidente de l&rsquo;Association et Vincent, Tr\u00e9sorier                   <\/p>\n\n\n\n<p><strong>Les Amis du Ch\u00e2teau de Boussac<\/strong>, Benedicte Wattel, 06 76 52 71 22 et <a href=\"mailto:chateaudeboussac@orange.fr\">chateaudeboussac@orange.fr<\/a><\/p>\n\n\n\n<p><\/p>\n\n\n\n<h4 class=\"has-vivid-green-cyan-color has-text-color\">Soutenir le Ch\u00e2teau de Boussac<\/h4>\n\n\n\n<p>Charg\u00e9 d\u2019histoire et unique en son genre, le Ch\u00e2teau de Boussac fait preuve de cr\u00e9ativit\u00e9 pour g\u00e9rer son patrimoine durablement en le rendant accessible au plus grand nombre. Joyau de la Creuse, le ch\u00e2teau est situ\u00e9 \u00e0 Boussac et, lov\u00e9 dans la nature environnante, il b\u00e9n\u00e9ficie d\u2019une situation exceptionnelle. Sa vocation est d&rsquo;\u00eatre un point de rencontre inspirant et de toucher ses visiteurs au c\u0153ur et \u00e0 l\u2019esprit. Les collections du ch\u00e2teau sont impr\u00e9gn\u00e9es de l\u2019histoire de ses habitants. Notre objectif est de d\u00e9velopper ces collections avec des \u0153uvres de haut niveau :  arts d\u00e9coratifs et tapisseries. En faisant un don au Ch\u00e2teau de Boussac, vous contribuez \u00e0 l\u2019acquisition ou \u00e0 la restauration d\u2019une \u0153uvre d\u2019art ou \u00e0 l\u2019organisation des expositions. <\/p>\n\n\n\n<p>Les virements bancaires peuvent se faire sur le num\u00e9ro de compte bancaire suivant :  IBAN FR76 3000 4026 1500 0001 4504 815, BIC BNPAFRPPXXX, en mentionnant \u2018Don Ch\u00e2teau de Boussac\u2019.<\/p>\n\n\n\n<p>Contactez-nous : B\u00e9n\u00e9dicte, gestion des Collections                                                                              <\/p>\n\n\n\n<p><strong>Soutenir le Ch\u00e2teau de Boussac,<\/strong> B\u00e9n\u00e9dicte Wattel,\u00a005 55 65 07 62 &#8211; <a href=\"mailto:chateaudeboussac@orange.fr\">chateaudeboussac@orange.fr<\/a> <\/p>\n","protected":false},"excerpt":{"rendered":"<p>Adh\u00e9rer aux Amis du Ch\u00e2teau de Boussac L\u2019association Les Amis du Ch\u00e2teau de Boussac a pour buts : \u2022 De grouper les personnes s\u2019int\u00e9ressant au ch\u00e2teau de Boussac, Monument historique class\u00e9, \u00e0 son histoire, \u00e0 sa mise en valeur, \u00e0 sa restauration, \u00e0 la sauvegarde de son environnement et \u00e0 sa promotion touristique en participant&hellip; <\/p>\n","protected":false},"author":1,"featured_media":0,"parent":0,"menu_order":0,"comment_status":"closed","ping_status":"closed","template":"","meta":[],"yoast_head":"<!-- This site is optimized with the Yoast SEO plugin v20.1 - https:\/\/yoast.com\/wordpress\/plugins\/seo\/ -->\n<title>Soutenir - Ch\u00e2teau de Boussac<\/title>\n<meta name=\"robots\" content=\"index, follow, max-snippet:-1, max-image-preview:large, max-video-preview:-1\" \/>\n<link rel=\"canonical\" href=\"https:\/\/www.chateaudeboussac.com\/?page_id=170\" \/>\n<meta property=\"og:locale\" content=\"fr_FR\" \/>\n<meta property=\"og:type\" content=\"article\" \/>\n<meta property=\"og:title\" content=\"Soutenir - Ch\u00e2teau de Boussac\" \/>\n<meta property=\"og:description\" content=\"Adh\u00e9rer aux Amis du Ch\u00e2teau de Boussac L\u2019association Les Amis du Ch\u00e2teau de Boussac a pour buts : \u2022 De grouper les personnes s\u2019int\u00e9ressant au ch\u00e2teau de Boussac, Monument historique class\u00e9, \u00e0 son histoire, \u00e0 sa mise en valeur, \u00e0 sa restauration, \u00e0 la sauvegarde de son environnement et \u00e0 sa promotion touristique en participant&hellip;\" \/>\n<meta property=\"og:url\" content=\"https:\/\/www.chateaudeboussac.com\/?page_id=170\" \/>\n<meta property=\"og:site_name\" content=\"Ch\u00e2teau de Boussac\" \/>\n<meta property=\"article:modified_time\" content=\"2025-05-08T08:24:23+00:00\" \/>\n<meta name=\"twitter:card\" content=\"summary_large_image\" \/>\n<meta name=\"twitter:label1\" content=\"Dur\u00e9e de lecture estim\u00e9e\" \/>\n\t<meta name=\"twitter:data1\" content=\"2 minutes\" \/>\n<script type=\"application\/ld+json\" class=\"yoast-schema-graph\">{\"@context\":\"https:\/\/schema.org\",\"@graph\":[{\"@type\":\"WebPage\",\"@id\":\"https:\/\/www.chateaudeboussac.com\/?page_id=170\",\"url\":\"https:\/\/www.chateaudeboussac.com\/?page_id=170\",\"name\":\"Soutenir - Ch\u00e2teau de Boussac\",\"isPartOf\":{\"@id\":\"https:\/\/www.chateaudeboussac.com\/#website\"},\"datePublished\":\"2020-02-28T14:19:30+00:00\",\"dateModified\":\"2025-05-08T08:24:23+00:00\",\"breadcrumb\":{\"@id\":\"https:\/\/www.chateaudeboussac.com\/?page_id=170#breadcrumb\"},\"inLanguage\":\"fr-FR\",\"potentialAction\":[{\"@type\":\"ReadAction\",\"target\":[\"https:\/\/www.chateaudeboussac.com\/?page_id=170\"]}]},{\"@type\":\"BreadcrumbList\",\"@id\":\"https:\/\/www.chateaudeboussac.com\/?page_id=170#breadcrumb\",\"itemListElement\":[{\"@type\":\"ListItem\",\"position\":1,\"name\":\"Accueil\",\"item\":\"https:\/\/www.chateaudeboussac.com\/\"},{\"@type\":\"ListItem\",\"position\":2,\"name\":\"Soutenir\"}]},{\"@type\":\"WebSite\",\"@id\":\"https:\/\/www.chateaudeboussac.com\/#website\",\"url\":\"https:\/\/www.chateaudeboussac.com\/\",\"name\":\"Ch\u00e2teau de Boussac\",\"description\":\"Le Ch\u00e2teau de la Dame \u00e0 la Licorne\",\"potentialAction\":[{\"@type\":\"SearchAction\",\"target\":{\"@type\":\"EntryPoint\",\"urlTemplate\":\"https:\/\/www.chateaudeboussac.com\/?s={search_term_string}\"},\"query-input\":\"required name=search_term_string\"}],\"inLanguage\":\"fr-FR\"}]}<\/script>\n<!-- \/ Yoast SEO plugin. -->","yoast_head_json":{"title":"Soutenir - Ch\u00e2teau de Boussac","robots":{"index":"index","follow":"follow","max-snippet":"max-snippet:-1","max-image-preview":"max-image-preview:large","max-video-preview":"max-video-preview:-1"},"canonical":"https:\/\/www.chateaudeboussac.com\/?page_id=170","og_locale":"fr_FR","og_type":"article","og_title":"Soutenir - Ch\u00e2teau de Boussac","og_description":"Adh\u00e9rer aux Amis du Ch\u00e2teau de Boussac L\u2019association Les Amis du Ch\u00e2teau de Boussac a pour buts : \u2022 De grouper les personnes s\u2019int\u00e9ressant au ch\u00e2teau de Boussac, Monument historique class\u00e9, \u00e0 son histoire, \u00e0 sa mise en valeur, \u00e0 sa restauration, \u00e0 la sauvegarde de son environnement et \u00e0 sa promotion touristique en participant&hellip;","og_url":"https:\/\/www.chateaudeboussac.com\/?page_id=170","og_site_name":"Ch\u00e2teau de Boussac","article_modified_time":"2025-05-08T08:24:23+00:00","twitter_card":"summary_large_image","twitter_misc":{"Dur\u00e9e de lecture estim\u00e9e":"2 minutes"},"schema":{"@context":"https:\/\/schema.org","@graph":[{"@type":"WebPage","@id":"https:\/\/www.chateaudeboussac.com\/?page_id=170","url":"https:\/\/www.chateaudeboussac.com\/?page_id=170","name":"Soutenir - Ch\u00e2teau de Boussac","isPartOf":{"@id":"https:\/\/www.chateaudeboussac.com\/#website"},"datePublished":"2020-02-28T14:19:30+00:00","dateModified":"2025-05-08T08:24:23+00:00","breadcrumb":{"@id":"https:\/\/www.chateaudeboussac.com\/?page_id=170#breadcrumb"},"inLanguage":"fr-FR","potentialAction":[{"@type":"ReadAction","target":["https:\/\/www.chateaudeboussac.com\/?page_id=170"]}]},{"@type":"BreadcrumbList","@id":"https:\/\/www.chateaudeboussac.com\/?page_id=170#breadcrumb","itemListElement":[{"@type":"ListItem","position":1,"name":"Accueil","item":"https:\/\/www.chateaudeboussac.com\/"},{"@type":"ListItem","position":2,"name":"Soutenir"}]},{"@type":"WebSite","@id":"https:\/\/www.chateaudeboussac.com\/#website","url":"https:\/\/www.chateaudeboussac.com\/","name":"Ch\u00e2teau de Boussac","description":"Le Ch\u00e2teau de la Dame \u00e0 la Licorne","potentialAction":[{"@type":"SearchAction","target":{"@type":"EntryPoint","urlTemplate":"https:\/\/www.chateaudeboussac.com\/?s={search_term_string}"},"query-input":"required name=search_term_string"}],"inLanguage":"fr-FR"}]}},"_links":{"self":[{"href":"https:\/\/www.chateaudeboussac.com\/index.php?rest_route=\/wp\/v2\/pages\/170"}],"collection":[{"href":"https:\/\/www.chateaudeboussac.com\/index.php?rest_route=\/wp\/v2\/pages"}],"about":[{"href":"https:\/\/www.chateaudeboussac.com\/index.php?rest_route=\/wp\/v2\/types\/page"}],"author":[{"embeddable":true,"href":"https:\/\/www.chateaudeboussac.com\/index.php?rest_route=\/wp\/v2\/users\/1"}],"replies":[{"embeddable":true,"href":"https:\/\/www.chateaudeboussac.com\/index.php?rest_route=%2Fwp%2Fv2%2Fcomments&post=170"}],"version-history":[{"count":15,"href":"https:\/\/www.chateaudeboussac.com\/index.php?rest_route=\/wp\/v2\/pages\/170\/revisions"}],"predecessor-version":[{"id":438,"href":"https:\/\/www.chateaudeboussac.com\/index.php?rest_route=\/wp\/v2\/pages\/170\/revisions\/438"}],"wp:attachment":[{"href":"https:\/\/www.chateaudeboussac.com\/index.php?rest_route=%2Fwp%2Fv2%2Fmedia&parent=170"}],"curies":[{"name":"wp","href":"https:\/\/api.w.org\/{rel}","templated":true}]}}